{"id":65129,"date":"2026-01-23T13:29:41","date_gmt":"2026-01-23T12:29:41","guid":{"rendered":"https:\/\/ayto.mutxamel.org\/?page_id=65129"},"modified":"2026-01-30T09:30:32","modified_gmt":"2026-01-30T08:30:32","slug":"ordre-ter-836-2022","status":"publish","type":"page","link":"https:\/\/ayto.mutxamel.org\/ca\/ordre-ter-836-2022\/","title":{"rendered":"Ordre TER\/836\/2022"},"content":{"rendered":"<section class=\"l-section wpb_row height_medium\"><div class=\"l-section-h i-cf\"><div class=\"g-cols vc_row via_grid cols_1 laptops-cols_inherit tablets-cols_inherit mobiles-cols_1 valign_top type_default stacking_default\"><div class=\"wpb_column vc_column_container\"><div class=\"vc_column-inner\"><div class=\"w-image us_custom_29ac2ce0 align_center\"><div class=\"w-image-h\"><img decoding=\"async\" width=\"886\" height=\"173\" src=\"https:\/\/ayto.mutxamel.org\/wp-content\/uploads\/2026\/01\/nextgeneration2.jpg\" class=\"attachment-full size-full\" alt=\"\" loading=\"lazy\" srcset=\"https:\/\/ayto.mutxamel.org\/wp-content\/uploads\/2026\/01\/nextgeneration2.jpg 886w, https:\/\/ayto.mutxamel.org\/wp-content\/uploads\/2026\/01\/nextgeneration2-300x59.jpg 300w, https:\/\/ayto.mutxamel.org\/wp-content\/uploads\/2026\/01\/nextgeneration2-600x117.jpg 600w\" sizes=\"auto, (max-width: 886px) 100vw, 886px\" \/><\/div><\/div><div class=\"w-separator size_medium\"><\/div><div class=\"wpb_text_column\"><div class=\"wpb_wrapper\"><p>L&#8217;Ajuntament de Mutxamel posa a disposici\u00f3 de la ciutadania este espai informatiu dedicat als projectes finan\u00e7ats amb els Fons Next Generation EU, dins del Pla de Recuperaci\u00f3, Transformaci\u00f3 i Resili\u00e8ncia (PRTR) del Govern d&#8217;Espanya.<\/p>\n<p><strong>Projectes finan\u00e7ats amb Fons Next Generation EU<\/strong><\/p>\n<p><strong>Projectes de transformaci\u00f3 digital. Component 11, Inversi\u00f3 3. L\u00ednia estrat\u00e8gica 4.Infraestructures digitals. Exp. 00499-00631531.<\/strong><\/p>\n<p><strong>Actuaci\u00f3: CONTRACTACI\u00d3 SUBMINISTRAMENT, INSTAL\u00b7LACI\u00d3 I CONFIGURACI\u00d3 D&#8217;UN CPD I SISTEMA DE C\u00d2PIA DE SEGURETAT.<\/strong><\/p>\n<p><strong>OBJECTIU:<\/strong><\/p>\n<p>Dotar l&#8217;Ajuntament d&#8217;una infraestructura tecnol\u00f2gica que actue com a palanca per a la seua modernitzaci\u00f3, permetent la disponibilitat en qualsevol circumst\u00e0ncia i adaptant la capacitat disponible a les necessitats existents a cada moment, contribuint a garantir la connectivitat digital de la infraestructura de gesti\u00f3 administrativa municipal amb la Carpeta ciutadana centralitzada de l\u2019AGE (connectant registres, DEHU i expedients oberts a l&#8217;ajuntament) i garantint la continu\u00eftat en la prestaci\u00f3 de servicis des de la Seu Electr\u00f2nica pr\u00f2pia, com a punt de trobada digital amb la ciutadania. Aix\u00ed mateix, esta actualitzaci\u00f3 d&#8217;infraestructura tecnol\u00f2gica contribu\u00efx a la millora de la seguretat, efici\u00e8ncia energ\u00e8tica i l&#8217;optimitzaci\u00f3 del rendiment en l&#8217;execuci\u00f3 dels processos administratius.<\/p>\n<p>Data d&#8217;inici: 30\/01\/2024.<\/p>\n<p>Data de fi: 15\/05\/2024.<\/p>\n<p>PRESSUPOST EXECUCI\u00d3<\/p>\n<table width=\"1140\">\n<tbody>\n<tr>\n<td width=\"283\">Import total<\/td>\n<td width=\"283\">\n<p style=\"text-align: right;\">138.908,00.-\u20ac<\/p>\n<\/td>\n<\/tr>\n<tr>\n<td width=\"283\">Finan\u00e7at amb subvenci\u00f3<\/td>\n<td width=\"283\">\n<p style=\"text-align: right;\">133.000,00.-\u20ac<\/p>\n<\/td>\n<\/tr>\n<tr>\n<td width=\"283\">Finan\u00e7at fons propis<\/td>\n<td width=\"283\">\n<p style=\"text-align: right;\">5.908,00.-\u20ac<\/p>\n<\/td>\n<\/tr>\n<\/tbody>\n<\/table>\n<p><a href=\"https:\/\/ayto.mutxamel.org\/ca\/ordre-ter-836-2022\/\">Publicaci\u00f3 de la noticia<\/a><\/p>\n<\/div><\/div><div class=\"w-separator size_medium\"><\/div><div class=\"wpb_text_column\"><div class=\"wpb_wrapper\"><p>Finan\u00e7at mitjan\u00e7ant l&#8217;Ordre TER\/836\/2022 de 29 d&#8217;agost, de Subvencions destinades a la Transformaci\u00f3 Digital i Modernitzaci\u00f3 de les Administracions de les Entitats Locals en el marc del Pla de Recuperaci\u00f3, Transformaci\u00f3 i Resili\u00e8ncia Finan\u00e7at per la Uni\u00f3 Europea \u2013 Next Generation EU.<\/p>\n<\/div><\/div><div class=\"w-btn-wrapper align_none\"><a class=\"w-btn us-btn-style_1 icon_atleft\" target=\"_blank\" href=\"https:\/\/ayto.mutxamel.org\/wp-content\/uploads\/2024\/02\/PCTec_CPD.pdf\"><i class=\"fal fa-file-pdf\"><\/i><span class=\"w-btn-label\">Plec T\u00e8cnic<\/span><\/a><\/div><div class=\"w-btn-wrapper align_none\"><a class=\"w-btn us-btn-style_1 icon_atleft\" target=\"_blank\" href=\"https:\/\/ayto.mutxamel.org\/wp-content\/uploads\/2024\/02\/PCPA_CPD.pdf\"><i class=\"fal fa-file-pdf\"><\/i><span class=\"w-btn-label\">Plec Administratiu<\/span><\/a><\/div><div class=\"w-btn-wrapper align_none\"><a class=\"w-btn us-btn-style_1 icon_atleft\" target=\"_blank\" href=\"https:\/\/ayto.mutxamel.org\/wp-content\/uploads\/2024\/02\/Contra_CPD.pdf\"><i class=\"fal fa-file-pdf\"><\/i><span class=\"w-btn-label\">Contracte &#8211; 30\/01\/2024<\/span><\/a><\/div><div class=\"w-btn-wrapper align_none\"><a class=\"w-btn us-btn-style_1 icon_atleft\" target=\"_blank\" href=\"https:\/\/contrataciondelestado.es\/wps\/portal\/!ut\/p\/b0\/04_Sj9CPykssy0xPLMnMz0vMAfIjU1JTC3Iy87KtUlJLEnNyUuNzMpMzSxKTgQr0w_Wj9KMyU1zLcvQjvczNIrN8fF39DIqKtfN8sozLHNNNHW1t9Qtycx0Bw0cw6A!!\/\"><i class=\"fal fa-file-pdf\"><\/i><span class=\"w-btn-label\">Plataforma Contractaci\u00f3 de l&#8217;Estat<\/span><\/a><\/div><div class=\"w-separator size_medium\"><\/div><div class=\"w-separator size_medium\"><\/div><div class=\"wpb_text_column\"><div class=\"wpb_wrapper\"><p><strong>Projectes de transformaci\u00f3 digital. Component 11, Inversi\u00f3 3. L\u00ednia estrat\u00e8gica 5. Interoperabilitat de servicis b\u00e0sics d&#8217;administraci\u00f3 digital. Exp. 00499-00631763.<\/strong><\/p>\n<p><strong>Actuaci\u00f3: INTEROPERABILITAT AMB ELS SERVICIS B\u00c0SICS D\u2019ADMINISTRACION DIGITAL (SIR, DIR, NOTIFICA, CLAVE, APODERA, SIA, CARPETA CIUTADANA I HABILITA)<\/strong><\/p>\n<p><strong>OBJECTIU:<\/strong><\/p>\n<p>Dotar el Gestor Documental de l&#8217;Ajuntament d&#8217;interoperabilitat amb els servicis b\u00e0sics d&#8217;administraci\u00f3 digital (SIR, DIR, NOTIFICA, CLAVE, APODERA, SIA, CARPETA CIUTADANA I HABILITA).<\/p>\n<p>Amb l&#8217;import de la subvenci\u00f3 s&#8217;ha finan\u00e7at part de la implementaci\u00f3 de CARPETA CIUTADANA I HABILITA, afegint dos capacitats addicionals rellevants:<\/p>\n<ul>\n<li>Integraci\u00f3 del Gestor Documental de l&#8217;Ajuntament, amb l&#8217;aplicaci\u00f3 \u201cCarpeta Ciutadana\u201d de l&#8217;Administraci\u00f3 General de l&#8217;Estat (AGE), que permet l&#8217;acc\u00e9s als expedients que hi ha a l&#8217;Ajuntament, a trav\u00e9s del Punt d&#8217;Acc\u00e9s General Electr\u00f2nic de l\u2019AGE, en la forma prevista en els articles 7 i 8 del Reial decret 203\/2021 de 30 de mar\u00e7, pel qual s&#8217;aprova el Reglament d&#8217;actuaci\u00f3 i funcionament del sector p\u00fablic per mitjans electr\u00f2nics.<\/li>\n<li>La recollida, per part del personal funcionari p\u00fablic habilitat, de la firma biom\u00e8trica dels interessats no obligats a relacionar-se amb l&#8217;Administraci\u00f3 per mitjans electr\u00f2nics, en els procediments administratius en els quals s\u00f3n interessats, fent efectiva l&#8217;autenticaci\u00f3 de la identitat per als casos de discrep\u00e0ncia i litigi. Este subministrament desplega l&#8217;article 30 d&#8217;RD 203\/2021 de 30 de mar\u00e7, pel qual s&#8217;aprova el Reglament d&#8217;actuaci\u00f3 i funcionament del sector p\u00fablic per mitjans electr\u00f2nics.<\/li>\n<\/ul>\n<p>Data d&#8217;inici: 20\/12\/2023<\/p>\n<p>Data de fi: 19\/08\/2024<\/p>\n<p>PRESSUPOST EXECUCI\u00d3<\/p>\n<table width=\"1140\">\n<tbody>\n<tr>\n<td width=\"283\">Import SIR i DIR<\/td>\n<td width=\"283\">\n<p style=\"text-align: right;\">4.719,00.-\u20ac<\/p>\n<\/td>\n<\/tr>\n<tr>\n<td width=\"283\">Import NOTIFICA, APODERA, SIA, CLAVE<\/td>\n<td width=\"283\">\n<p style=\"text-align: right;\">7.078,50.-\u20ac<\/p>\n<\/td>\n<\/tr>\n<tr>\n<td width=\"283\">Import total CARPETA CIUTADANA I HABILITA-FIRMA BIOM\u00c8TRICA<\/td>\n<td width=\"283\">\n<p style=\"text-align: right;\">74.493,65.-\u20ac<\/p>\n<\/td>\n<\/tr>\n<tr>\n<td width=\"283\">TOTAL ACTUACIONS<\/td>\n<td width=\"283\">\n<p style=\"text-align: right;\">86.291,15.-\u20ac<\/p>\n<\/td>\n<\/tr>\n<tr>\n<td width=\"283\">Finan\u00e7at amb subvenci\u00f3<\/td>\n<td width=\"283\">\n<p style=\"text-align: right;\">44.554,05.-\u20ac<\/p>\n<\/td>\n<\/tr>\n<tr>\n<td width=\"283\">Finan\u00e7at fons propis<\/td>\n<td width=\"283\">\n<p style=\"text-align: right;\">41.737,10.-\u20ac<\/p>\n<\/td>\n<\/tr>\n<\/tbody>\n<\/table>\n<p><a href=\"https:\/\/ayto.mutxamel.org\/ca\/mutxamel-rep-una-subvencio-europea-de-177-554-euros-per-a-continuar-amb-la-transformacio-digital-dels-servicis-datencio-al-ciutada\/\">Publicaci\u00f3 de la noticia<\/a><\/p>\n<\/div><\/div><div class=\"w-separator size_medium\"><\/div><div class=\"wpb_text_column\"><div class=\"wpb_wrapper\"><p>Finan\u00e7at mitjan\u00e7ant l&#8217;Ordre TER\/836\/2022 de 29 d&#8217;agost, de Subvencions destinades a la Transformaci\u00f3 Digital i Modernitzaci\u00f3 de les Administracions de les Entitats Locals en el marc del Pla de Recuperaci\u00f3, Transformaci\u00f3 i Resili\u00e8ncia Finan\u00e7at per la Uni\u00f3 Europea \u2013 Next Generation EU.<\/p>\n<\/div><\/div><div class=\"w-btn-wrapper align_none\"><a class=\"w-btn us-btn-style_1 icon_atleft\" target=\"_blank\" href=\"https:\/\/ayto.mutxamel.org\/wp-content\/uploads\/2024\/01\/PCTec_CarpetaYbiometrica.pdf\"><i class=\"fal fa-file-pdf\"><\/i><span class=\"w-btn-label\">Plec T\u00e8cnic<\/span><\/a><\/div><div class=\"w-btn-wrapper align_none\"><a class=\"w-btn us-btn-style_1 icon_atleft\" target=\"_blank\" href=\"https:\/\/ayto.mutxamel.org\/wp-content\/uploads\/2024\/01\/PCPA_CarpetaYbiometrica.pdf\"><i class=\"fal fa-file-pdf\"><\/i><span class=\"w-btn-label\">Plec Administratiu<\/span><\/a><\/div><div class=\"w-btn-wrapper align_none\"><a class=\"w-btn us-btn-style_1 icon_atleft\" target=\"_blank\" href=\"https:\/\/ayto.mutxamel.org\/wp-content\/uploads\/2024\/01\/ADJ_CarpetaYbiometrica.pdf\"><i class=\"fal fa-file-pdf\"><\/i><span class=\"w-btn-label\">Adjudicaci\u00f3 &#8211; 30\/11\/2023<\/span><\/a><\/div><\/div><\/div><\/div><\/div><\/section>\n","protected":false},"excerpt":{"rendered":"L&#8217;Ajuntament de Mutxamel posa a disposici\u00f3 de la ciutadania este espai informatiu dedicat als projectes finan\u00e7ats amb els Fons Next Generation EU, dins del Pla de Recuperaci\u00f3, Transformaci\u00f3 i Resili\u00e8ncia (PRTR) del Govern d&#8217;Espanya. Projectes finan\u00e7ats amb Fons Next Generation EU Projectes de transformaci\u00f3 digital. Component 11, Inversi\u00f3 3. L\u00ednia estrat\u00e8gica 4.Infraestructures digitals. Exp. 00499-00631531....","protected":false},"author":5,"featured_media":0,"parent":0,"menu_order":0,"comment_status":"closed","ping_status":"closed","template":"","meta":{"_acf_changed":false,"footnotes":""},"class_list":["post-65129","page","type-page","status-publish","hentry"],"acf":[],"yoast_head":"<!-- This site is optimized with the Yoast SEO plugin v27.3 - https:\/\/yoast.com\/product\/yoast-seo-wordpress\/ -->\n<title>Ordre TER\/836\/2022 - Ayuntamiento de Mutxamel<\/title>\n<meta name=\"robots\" content=\"index, follow, max-snippet:-1, max-image-preview:large, max-video-preview:-1\" \/>\n<link rel=\"canonical\" href=\"https:\/\/ayto.mutxamel.org\/ca\/ordre-ter-836-2022\/\" \/>\n<meta property=\"og:locale\" content=\"ca_ES\" \/>\n<meta property=\"og:type\" content=\"article\" \/>\n<meta property=\"og:title\" content=\"Ordre TER\/836\/2022 - Ayuntamiento de Mutxamel\" \/>\n<meta property=\"og:url\" content=\"https:\/\/ayto.mutxamel.org\/ca\/ordre-ter-836-2022\/\" \/>\n<meta property=\"og:site_name\" content=\"Ayuntamiento de Mutxamel\" \/>\n<meta property=\"article:modified_time\" content=\"2026-01-30T08:30:32+00:00\" \/>\n<meta name=\"twitter:card\" content=\"summary_large_image\" \/>\n<meta name=\"twitter:label1\" content=\"Temps estimat de lectura\" \/>\n\t<meta name=\"twitter:data1\" content=\"3 minuts\" \/>\n<script type=\"application\/ld+json\" class=\"yoast-schema-graph\">{\"@context\":\"https:\\\/\\\/schema.org\",\"@graph\":[{\"@type\":\"WebPage\",\"@id\":\"https:\\\/\\\/ayto.mutxamel.org\\\/ca\\\/ordre-ter-836-2022\\\/\",\"url\":\"https:\\\/\\\/ayto.mutxamel.org\\\/ca\\\/ordre-ter-836-2022\\\/\",\"name\":\"Ordre TER\\\/836\\\/2022 - Ayuntamiento de Mutxamel\",\"isPartOf\":{\"@id\":\"https:\\\/\\\/ayto.mutxamel.org\\\/ca\\\/#website\"},\"datePublished\":\"2026-01-23T12:29:41+00:00\",\"dateModified\":\"2026-01-30T08:30:32+00:00\",\"breadcrumb\":{\"@id\":\"https:\\\/\\\/ayto.mutxamel.org\\\/ca\\\/ordre-ter-836-2022\\\/#breadcrumb\"},\"inLanguage\":\"ca\",\"potentialAction\":[{\"@type\":\"ReadAction\",\"target\":[\"https:\\\/\\\/ayto.mutxamel.org\\\/ca\\\/ordre-ter-836-2022\\\/\"]}]},{\"@type\":\"BreadcrumbList\",\"@id\":\"https:\\\/\\\/ayto.mutxamel.org\\\/ca\\\/ordre-ter-836-2022\\\/#breadcrumb\",\"itemListElement\":[{\"@type\":\"ListItem\",\"position\":1,\"name\":\"Portada\",\"item\":\"https:\\\/\\\/ayto.mutxamel.org\\\/ca\\\/\"},{\"@type\":\"ListItem\",\"position\":2,\"name\":\"Ordre TER\\\/836\\\/2022\"}]},{\"@type\":\"WebSite\",\"@id\":\"https:\\\/\\\/ayto.mutxamel.org\\\/ca\\\/#website\",\"url\":\"https:\\\/\\\/ayto.mutxamel.org\\\/ca\\\/\",\"name\":\"Ayuntamiento de Mutxamel\",\"description\":\"\",\"potentialAction\":[{\"@type\":\"SearchAction\",\"target\":{\"@type\":\"EntryPoint\",\"urlTemplate\":\"https:\\\/\\\/ayto.mutxamel.org\\\/ca\\\/?s={search_term_string}\"},\"query-input\":{\"@type\":\"PropertyValueSpecification\",\"valueRequired\":true,\"valueName\":\"search_term_string\"}}],\"inLanguage\":\"ca\"}]}<\/script>\n<!-- \/ Yoast SEO plugin. -->","yoast_head_json":{"title":"Ordre TER\/836\/2022 - Ayuntamiento de Mutxamel","robots":{"index":"index","follow":"follow","max-snippet":"max-snippet:-1","max-image-preview":"max-image-preview:large","max-video-preview":"max-video-preview:-1"},"canonical":"https:\/\/ayto.mutxamel.org\/ca\/ordre-ter-836-2022\/","og_locale":"ca_ES","og_type":"article","og_title":"Ordre TER\/836\/2022 - Ayuntamiento de Mutxamel","og_url":"https:\/\/ayto.mutxamel.org\/ca\/ordre-ter-836-2022\/","og_site_name":"Ayuntamiento de Mutxamel","article_modified_time":"2026-01-30T08:30:32+00:00","twitter_card":"summary_large_image","twitter_misc":{"Temps estimat de lectura":"3 minuts"},"schema":{"@context":"https:\/\/schema.org","@graph":[{"@type":"WebPage","@id":"https:\/\/ayto.mutxamel.org\/ca\/ordre-ter-836-2022\/","url":"https:\/\/ayto.mutxamel.org\/ca\/ordre-ter-836-2022\/","name":"Ordre TER\/836\/2022 - Ayuntamiento de Mutxamel","isPartOf":{"@id":"https:\/\/ayto.mutxamel.org\/ca\/#website"},"datePublished":"2026-01-23T12:29:41+00:00","dateModified":"2026-01-30T08:30:32+00:00","breadcrumb":{"@id":"https:\/\/ayto.mutxamel.org\/ca\/ordre-ter-836-2022\/#breadcrumb"},"inLanguage":"ca","potentialAction":[{"@type":"ReadAction","target":["https:\/\/ayto.mutxamel.org\/ca\/ordre-ter-836-2022\/"]}]},{"@type":"BreadcrumbList","@id":"https:\/\/ayto.mutxamel.org\/ca\/ordre-ter-836-2022\/#breadcrumb","itemListElement":[{"@type":"ListItem","position":1,"name":"Portada","item":"https:\/\/ayto.mutxamel.org\/ca\/"},{"@type":"ListItem","position":2,"name":"Ordre TER\/836\/2022"}]},{"@type":"WebSite","@id":"https:\/\/ayto.mutxamel.org\/ca\/#website","url":"https:\/\/ayto.mutxamel.org\/ca\/","name":"Ayuntamiento de Mutxamel","description":"","potentialAction":[{"@type":"SearchAction","target":{"@type":"EntryPoint","urlTemplate":"https:\/\/ayto.mutxamel.org\/ca\/?s={search_term_string}"},"query-input":{"@type":"PropertyValueSpecification","valueRequired":true,"valueName":"search_term_string"}}],"inLanguage":"ca"}]}},"_links":{"self":[{"href":"https:\/\/ayto.mutxamel.org\/ca\/wp-json\/wp\/v2\/pages\/65129","targetHints":{"allow":["GET"]}}],"collection":[{"href":"https:\/\/ayto.mutxamel.org\/ca\/wp-json\/wp\/v2\/pages"}],"about":[{"href":"https:\/\/ayto.mutxamel.org\/ca\/wp-json\/wp\/v2\/types\/page"}],"author":[{"embeddable":true,"href":"https:\/\/ayto.mutxamel.org\/ca\/wp-json\/wp\/v2\/users\/5"}],"replies":[{"embeddable":true,"href":"https:\/\/ayto.mutxamel.org\/ca\/wp-json\/wp\/v2\/comments?post=65129"}],"version-history":[{"count":6,"href":"https:\/\/ayto.mutxamel.org\/ca\/wp-json\/wp\/v2\/pages\/65129\/revisions"}],"predecessor-version":[{"id":65276,"href":"https:\/\/ayto.mutxamel.org\/ca\/wp-json\/wp\/v2\/pages\/65129\/revisions\/65276"}],"wp:attachment":[{"href":"https:\/\/ayto.mutxamel.org\/ca\/wp-json\/wp\/v2\/media?parent=65129"}],"curies":[{"name":"wp","href":"https:\/\/api.w.org\/{rel}","templated":true}]}}