{"id":38938,"date":"2023-12-14T20:43:34","date_gmt":"2023-12-14T19:43:34","guid":{"rendered":"https:\/\/ayto.mutxamel.org\/accessibilitat\/"},"modified":"2023-12-14T21:39:17","modified_gmt":"2023-12-14T20:39:17","slug":"accessibilitat","status":"publish","type":"page","link":"https:\/\/ayto.mutxamel.org\/ca\/accessibilitat\/","title":{"rendered":"Accessibilitat"},"content":{"rendered":"<section class=\"l-section wpb_row us_custom_e4988f48 has_text_color height_auto\"><div class=\"l-section-overlay\" style=\"background:#E3E4E4\"><\/div><div class=\"l-section-h i-cf\"><div class=\"g-cols vc_row via_grid cols_1 laptops-cols_inherit tablets-cols_inherit mobiles-cols_1 valign_top type_default stacking_default\"><div class=\"wpb_column vc_column_container\"><div class=\"vc_column-inner\"><nav class=\"g-breadcrumbs us_custom_492179a4 separator_icon align_left\" itemscope itemtype=\"http:\/\/schema.org\/BreadcrumbList\"><div class=\"g-breadcrumbs-item\" itemscope itemprop=\"itemListElement\" itemtype=\"http:\/\/schema.org\/ListItem\"><a itemprop=\"item\" href=\"https:\/\/ayto.mutxamel.org\/ca\/\"><span itemprop=\"name\">P\u00e0gina d'inici<\/span><\/a><meta itemprop=\"position\" content=\"1\"\/><\/div><div class=\"g-breadcrumbs-separator\"><i class=\"far fa-angle-right\"><\/i><\/div><div class=\"g-breadcrumbs-item\">P\u00e0gines<\/div><\/nav><\/div><\/div><\/div><\/div><\/section><section class=\"l-section wpb_row height_auto\"><div class=\"l-section-h i-cf\"><div class=\"g-cols vc_row via_grid cols_1 laptops-cols_inherit tablets-cols_inherit mobiles-cols_1 valign_top type_default stacking_default\"><div class=\"wpb_column vc_column_container\"><div class=\"vc_column-inner\"><section class=\"l-section wpb_row height_small\"><div class=\"l-section-h i-cf\"><div class=\"g-cols vc_row via_grid cols_1 laptops-cols_inherit tablets-cols_inherit mobiles-cols_1 valign_top type_default stacking_default\"><div class=\"wpb_column vc_column_container\"><div class=\"vc_column-inner\"><div class=\"g-cols wpb_row via_grid cols_1 laptops-cols_inherit tablets-cols_inherit mobiles-cols_1 valign_middle type_default stacking_default\" style=\"--columns-gap:3rem;\"><div class=\"wpb_column vc_column_container\"><div class=\"vc_column-inner\"><h1 class=\"w-post-elm post_title us_custom_ab5202c7 has_text_color align_center entry-title\">Accessibilitat<\/h1><\/div><\/div><\/div><\/div><\/div><\/div><\/div><\/section>\n<\/div><\/div><\/div><\/div><\/section><section class=\"l-section wpb_row height_medium\"><div class=\"l-section-h i-cf\"><div class=\"g-cols vc_row via_grid cols_1 laptops-cols_inherit tablets-cols_inherit mobiles-cols_1 valign_top type_default stacking_default\"><div class=\"wpb_column vc_column_container\"><div class=\"vc_column-inner\"><div class=\"w-separator size_medium\"><\/div><div id=\"ultimate-heading-28666a04dcd5942e1\" class=\"uvc-heading ult-adjust-bottom-margin ultimate-heading-28666a04dcd5942e1 uvc-2102 \" data-hspacer=\"no_spacer\"  data-halign=\"left\" style=\"text-align:left\"><div class=\"uvc-heading-spacer no_spacer\" style=\"top\"><\/div><div class=\"uvc-main-heading ult-responsive\"  data-ultimate-target='.uvc-heading.ultimate-heading-28666a04dcd5942e1 h2'  data-responsive-json-new='{\"font-size\":\"\",\"line-height\":\"\"}' ><h2 style=\"font-weight:normal;\">Pol\u00edtica d'accessibilitat<\/h2><\/div><\/div><div class=\"w-separator size_small\"><\/div><div class=\"wpb_text_column\"><div class=\"wpb_wrapper\"><p>L\u2019empresa AJUNTAMENT DE MUTXAMEL s\u2019ha comprom\u00e9s a fer accessible el seu lloc web de conformitat amb el Reial decret 1112\/2018, de 7 de setembre, sobre accessibilitat dels llocs web i aplicacions per a dispositius m\u00f2bils del sector p\u00fablic, o desenvolupaments finan\u00e7ats des d\u2019Europa.<\/p>\n<p>La present declaraci\u00f3 d\u2019accessibilitat s\u2019aplica al lloc web <a href=\"https:\/\/ayto.mutxamel.org\/ca\/\">https:\/\/ayto.mutxamel.org\/<\/a> excloent els continguts incrustats provinents d\u2019altres dominis.<\/p>\n<\/div><\/div><div class=\"w-separator size_small\"><\/div><div id=\"ultimate-heading-29986a04dcd59480f\" class=\"uvc-heading ult-adjust-bottom-margin ultimate-heading-29986a04dcd59480f uvc-8105 \" data-hspacer=\"no_spacer\"  data-halign=\"left\" style=\"text-align:left\"><div class=\"uvc-heading-spacer no_spacer\" style=\"top\"><\/div><div class=\"uvc-main-heading ult-responsive\"  data-ultimate-target='.uvc-heading.ultimate-heading-29986a04dcd59480f h2'  data-responsive-json-new='{\"font-size\":\"\",\"line-height\":\"\"}' ><h2 style=\"font-weight:normal;\">Situaci\u00f3 de compliment<\/h2><\/div><\/div><div class=\"w-separator size_small\"><\/div><div class=\"wpb_text_column\"><div class=\"wpb_wrapper\"><p>Aquest lloc web \u00e9s Parcialment conforme amb el RD 1112\/2018 a causa de la falta de conformitat dels aspectes que s\u2019indiquen a continuaci\u00f3.<\/p>\n<\/div><\/div><div class=\"w-separator size_small\"><\/div><div id=\"ultimate-heading-28186a04dcd594b9e\" class=\"uvc-heading ult-adjust-bottom-margin ultimate-heading-28186a04dcd594b9e uvc-1193 \" data-hspacer=\"no_spacer\"  data-halign=\"left\" style=\"text-align:left\"><div class=\"uvc-heading-spacer no_spacer\" style=\"top\"><\/div><div class=\"uvc-main-heading ult-responsive\"  data-ultimate-target='.uvc-heading.ultimate-heading-28186a04dcd594b9e h2'  data-responsive-json-new='{\"font-size\":\"\",\"line-height\":\"\"}' ><h2 style=\"font-weight:normal;\">Contingut no accessible<\/h2><\/div><\/div><div class=\"w-separator size_small\"><\/div><div class=\"wpb_text_column\"><div class=\"wpb_wrapper\"><p>El contingut que es recull a continuaci\u00f3 no \u00e9s accessible pels seg\u00fcents motius:<\/p>\n<ul>\n<li>Falta de conformitat:\n<ul>\n<li>Pot existir elements d&#8217;encap\u00e7alat incorrectament implementats, o l&#8217;ordre l\u00f2gic del qual no siga el correcte &#8211; Requisit n\u00famero 9.1.3.1 Informaci\u00f3 i relacions d&#8217;UNE-EN 301549:2022.<\/li>\n<li>Pot haver-hi elements el contrast dels quals no siga el suficient en algunes p\u00e0gines \u2013 Requisit 9.1.4.3 Contrast UNE-EN 301549:2020.<\/li>\n<li>Poden existir alguns enlla\u00e7os la funci\u00f3 o l&#8217;objectiu dels quals no estiguen correctament definits &#8211; Requisit n\u00famero 9.2.4.4 Prop\u00f2sit dels enlla\u00e7os d&#8217;UNE-EN 301549:2020.<\/li>\n<li>Poden existir encap\u00e7alats que no siguen clars o breus, o que no haurien de ser encap\u00e7alats \u2013 Requisit n\u00famero 9.2.4.6 Encap\u00e7alats i etiquetes d&#8217;UNE-EN 301549:2022.<\/li>\n<li>Poden existir alguns errors d&#8217;analitze en el codi &#8211; Requisit n\u00famero 9.4.1.1 Processament d&#8217;UNE-EN 301549:2022.<\/li>\n<li>Podrien existir fallades puntuals d&#8217;edici\u00f3 en alguna p\u00e0gina web.<\/li>\n<\/ul>\n<\/li>\n<li>C\u00e0rrega desproporcionada: No resulta aplicable.<\/li>\n<li>El contingut no entra dins de l\u2019\u00e0mbit de la legislaci\u00f3 aplicable.<\/li>\n<\/ul>\n<p>Podrien existir arxius ofim\u00e0tics en PDF o altres formats publicats abans del 20 de setembre de 2018 que no complisquen \u00edntegrament tots els requisits d\u2019accessibilitat.<\/p>\n<p>Pot haver-hi continguts de tercers que no estiguen desenvolupats en aquesta Unitat, ni sota el seu control, com a arxius ofim\u00e0tics de diferents organismes que hagen de publicar-se en aquest lloc.<\/p>\n<\/div><\/div><div class=\"w-separator size_small\"><\/div><div id=\"ultimate-heading-45366a04dcd594f7e\" class=\"uvc-heading ult-adjust-bottom-margin ultimate-heading-45366a04dcd594f7e uvc-6530 \" data-hspacer=\"no_spacer\"  data-halign=\"left\" style=\"text-align:left\"><div class=\"uvc-heading-spacer no_spacer\" style=\"top\"><\/div><div class=\"uvc-main-heading ult-responsive\"  data-ultimate-target='.uvc-heading.ultimate-heading-45366a04dcd594f7e h2'  data-responsive-json-new='{\"font-size\":\"\",\"line-height\":\"\"}' ><h2 style=\"font-weight:normal;\">Observacions i dades de contacte<\/h2><\/div><\/div><div class=\"w-separator size_small\"><\/div><div class=\"wpb_text_column\"><div class=\"wpb_wrapper\"><p>Pot realitzar comunicacions sobre requisits d\u2019accessibilitat [article 10.2.a) del RD 1112\/2018] com, per exemple:<\/p>\n<ul>\n<li>Informar sobre qualsevol possible incompliment per part d\u2019aquest lloc web.<\/li>\n<li>Transmetre altres dificultats d\u2019acc\u00e9s al contingut.<\/li>\n<li>Formular qualsevol altra consulta o suggeriment de millora relativa a l\u2019accessibilitat del lloc web a trav\u00e9s del <a href=\"https:\/\/ayto.mutxamel.org\/ca\/contacte\/\">seg\u00fcent formulari de contacte<\/a> o trucant al tel\u00e8fon 965955910 de 8.30 a 14 hores de dilluns a divendres.<\/li>\n<\/ul>\n<p>Pot presentar:<\/p>\n<ul>\n<li>Una queixa relativa al compliment dels requisits del RD 1112\/2018<\/li>\n<li>Una sol\u00b7licitud d\u2019informaci\u00f3 accessible relativa a:\n<ul>\n<li>Continguts que estan exclosos de l\u2019\u00e0mbit d\u2019aplicaci\u00f3 del RD 1112\/2018 segons el que s\u2019estableix per l\u2019article 3, apartat 4.<\/li>\n<li>Continguts que estan exempts del compliment dels requisits d\u2019accessibilitat per imposar una c\u00e0rrega desproporcionada.<\/li>\n<\/ul>\n<\/li>\n<\/ul>\n<p>En la sol\u00b7licitud d\u2019informaci\u00f3 accessible, s\u2019ha de concretar, amb tota claredat, els fets, raons i petici\u00f3 que permeten constatar que es tracta d\u2019una sol\u00b7licitud raonable i leg\u00edtima.<\/p>\n<\/div><\/div><\/div><\/div><\/div><\/div><\/section>\n","protected":false},"excerpt":{"rendered":"P\u00e0gina d'iniciP\u00e0ginesAccessibilitat Pol\u00edtica d'accessibilitatL\u2019empresa AJUNTAMENT DE MUTXAMEL s\u2019ha comprom\u00e9s a fer accessible el seu lloc web de conformitat amb el Reial decret 1112\/2018, de 7 de setembre, sobre accessibilitat dels llocs web i aplicacions per a dispositius m\u00f2bils del sector p\u00fablic, o desenvolupaments finan\u00e7ats des d\u2019Europa. La present declaraci\u00f3 d\u2019accessibilitat s\u2019aplica al lloc web https:\/\/ayto.mutxamel.org\/...","protected":false},"author":1,"featured_media":0,"parent":0,"menu_order":0,"comment_status":"closed","ping_status":"closed","template":"","meta":{"_acf_changed":false,"footnotes":""},"class_list":["post-38938","page","type-page","status-publish","hentry"],"acf":[],"yoast_head":"<!-- This site is optimized with the Yoast SEO plugin v27.3 - https:\/\/yoast.com\/product\/yoast-seo-wordpress\/ -->\n<title>Accessibilitat - Ayuntamiento de Mutxamel<\/title>\n<meta name=\"robots\" content=\"index, follow, max-snippet:-1, max-image-preview:large, max-video-preview:-1\" \/>\n<link rel=\"canonical\" href=\"https:\/\/ayto.mutxamel.org\/ca\/accessibilitat\/\" \/>\n<meta property=\"og:locale\" content=\"ca_ES\" \/>\n<meta property=\"og:type\" content=\"article\" \/>\n<meta property=\"og:title\" content=\"Accessibilitat - Ayuntamiento de Mutxamel\" \/>\n<meta property=\"og:url\" content=\"https:\/\/ayto.mutxamel.org\/ca\/accessibilitat\/\" \/>\n<meta property=\"og:site_name\" content=\"Ayuntamiento de Mutxamel\" \/>\n<meta property=\"article:modified_time\" content=\"2023-12-14T20:39:17+00:00\" \/>\n<meta name=\"twitter:card\" content=\"summary_large_image\" \/>\n<meta name=\"twitter:label1\" content=\"Temps estimat de lectura\" \/>\n\t<meta name=\"twitter:data1\" content=\"3 minuts\" \/>\n<script type=\"application\/ld+json\" class=\"yoast-schema-graph\">{\"@context\":\"https:\\\/\\\/schema.org\",\"@graph\":[{\"@type\":\"WebPage\",\"@id\":\"https:\\\/\\\/ayto.mutxamel.org\\\/ca\\\/accessibilitat\\\/\",\"url\":\"https:\\\/\\\/ayto.mutxamel.org\\\/ca\\\/accessibilitat\\\/\",\"name\":\"Accessibilitat - Ayuntamiento de Mutxamel\",\"isPartOf\":{\"@id\":\"https:\\\/\\\/ayto.mutxamel.org\\\/ca\\\/#website\"},\"datePublished\":\"2023-12-14T19:43:34+00:00\",\"dateModified\":\"2023-12-14T20:39:17+00:00\",\"breadcrumb\":{\"@id\":\"https:\\\/\\\/ayto.mutxamel.org\\\/ca\\\/accessibilitat\\\/#breadcrumb\"},\"inLanguage\":\"ca\",\"potentialAction\":[{\"@type\":\"ReadAction\",\"target\":[\"https:\\\/\\\/ayto.mutxamel.org\\\/ca\\\/accessibilitat\\\/\"]}]},{\"@type\":\"BreadcrumbList\",\"@id\":\"https:\\\/\\\/ayto.mutxamel.org\\\/ca\\\/accessibilitat\\\/#breadcrumb\",\"itemListElement\":[{\"@type\":\"ListItem\",\"position\":1,\"name\":\"Portada\",\"item\":\"https:\\\/\\\/ayto.mutxamel.org\\\/ca\\\/\"},{\"@type\":\"ListItem\",\"position\":2,\"name\":\"Accessibilitat\"}]},{\"@type\":\"WebSite\",\"@id\":\"https:\\\/\\\/ayto.mutxamel.org\\\/ca\\\/#website\",\"url\":\"https:\\\/\\\/ayto.mutxamel.org\\\/ca\\\/\",\"name\":\"Ayuntamiento de Mutxamel\",\"description\":\"\",\"potentialAction\":[{\"@type\":\"SearchAction\",\"target\":{\"@type\":\"EntryPoint\",\"urlTemplate\":\"https:\\\/\\\/ayto.mutxamel.org\\\/ca\\\/?s={search_term_string}\"},\"query-input\":{\"@type\":\"PropertyValueSpecification\",\"valueRequired\":true,\"valueName\":\"search_term_string\"}}],\"inLanguage\":\"ca\"}]}<\/script>\n<!-- \/ Yoast SEO plugin. -->","yoast_head_json":{"title":"Accessibilitat - Ayuntamiento de Mutxamel","robots":{"index":"index","follow":"follow","max-snippet":"max-snippet:-1","max-image-preview":"max-image-preview:large","max-video-preview":"max-video-preview:-1"},"canonical":"https:\/\/ayto.mutxamel.org\/ca\/accessibilitat\/","og_locale":"ca_ES","og_type":"article","og_title":"Accessibilitat - Ayuntamiento de Mutxamel","og_url":"https:\/\/ayto.mutxamel.org\/ca\/accessibilitat\/","og_site_name":"Ayuntamiento de Mutxamel","article_modified_time":"2023-12-14T20:39:17+00:00","twitter_card":"summary_large_image","twitter_misc":{"Temps estimat de lectura":"3 minuts"},"schema":{"@context":"https:\/\/schema.org","@graph":[{"@type":"WebPage","@id":"https:\/\/ayto.mutxamel.org\/ca\/accessibilitat\/","url":"https:\/\/ayto.mutxamel.org\/ca\/accessibilitat\/","name":"Accessibilitat - Ayuntamiento de Mutxamel","isPartOf":{"@id":"https:\/\/ayto.mutxamel.org\/ca\/#website"},"datePublished":"2023-12-14T19:43:34+00:00","dateModified":"2023-12-14T20:39:17+00:00","breadcrumb":{"@id":"https:\/\/ayto.mutxamel.org\/ca\/accessibilitat\/#breadcrumb"},"inLanguage":"ca","potentialAction":[{"@type":"ReadAction","target":["https:\/\/ayto.mutxamel.org\/ca\/accessibilitat\/"]}]},{"@type":"BreadcrumbList","@id":"https:\/\/ayto.mutxamel.org\/ca\/accessibilitat\/#breadcrumb","itemListElement":[{"@type":"ListItem","position":1,"name":"Portada","item":"https:\/\/ayto.mutxamel.org\/ca\/"},{"@type":"ListItem","position":2,"name":"Accessibilitat"}]},{"@type":"WebSite","@id":"https:\/\/ayto.mutxamel.org\/ca\/#website","url":"https:\/\/ayto.mutxamel.org\/ca\/","name":"Ayuntamiento de Mutxamel","description":"","potentialAction":[{"@type":"SearchAction","target":{"@type":"EntryPoint","urlTemplate":"https:\/\/ayto.mutxamel.org\/ca\/?s={search_term_string}"},"query-input":{"@type":"PropertyValueSpecification","valueRequired":true,"valueName":"search_term_string"}}],"inLanguage":"ca"}]}},"_links":{"self":[{"href":"https:\/\/ayto.mutxamel.org\/ca\/wp-json\/wp\/v2\/pages\/38938","targetHints":{"allow":["GET"]}}],"collection":[{"href":"https:\/\/ayto.mutxamel.org\/ca\/wp-json\/wp\/v2\/pages"}],"about":[{"href":"https:\/\/ayto.mutxamel.org\/ca\/wp-json\/wp\/v2\/types\/page"}],"author":[{"embeddable":true,"href":"https:\/\/ayto.mutxamel.org\/ca\/wp-json\/wp\/v2\/users\/1"}],"replies":[{"embeddable":true,"href":"https:\/\/ayto.mutxamel.org\/ca\/wp-json\/wp\/v2\/comments?post=38938"}],"version-history":[{"count":4,"href":"https:\/\/ayto.mutxamel.org\/ca\/wp-json\/wp\/v2\/pages\/38938\/revisions"}],"predecessor-version":[{"id":38963,"href":"https:\/\/ayto.mutxamel.org\/ca\/wp-json\/wp\/v2\/pages\/38938\/revisions\/38963"}],"wp:attachment":[{"href":"https:\/\/ayto.mutxamel.org\/ca\/wp-json\/wp\/v2\/media?parent=38938"}],"curies":[{"name":"wp","href":"https:\/\/api.w.org\/{rel}","templated":true}]}}