{"id":33369,"date":"2023-11-23T17:39:33","date_gmt":"2023-11-23T16:39:33","guid":{"rendered":"https:\/\/ayto.mutxamel.org\/contacte\/"},"modified":"2023-12-14T21:41:41","modified_gmt":"2023-12-14T20:41:41","slug":"contacte","status":"publish","type":"page","link":"https:\/\/ayto.mutxamel.org\/ca\/contacte\/","title":{"rendered":"Contacte"},"content":{"rendered":"<section class=\"l-section wpb_row height_auto\" id=\"mtxcontent\"><div class=\"l-section-h i-cf\"><div class=\"g-cols vc_row via_grid cols_1 laptops-cols_inherit tablets-cols_inherit mobiles-cols_1 valign_top type_default stacking_default\"><div class=\"wpb_column vc_column_container\"><div class=\"vc_column-inner\"><div class=\"wpb_text_column us_custom_dbce126d\"><div class=\"wpb_wrapper\"><nav aria-label=\"breadcrumbs\">\n            <div class=\"breadcrumb-container theme1\">\n                <ol>\n                                    <\/ol>\n            <\/div>\n        <\/nav>    <script type=\"application\/ld+json\">\n        {\n            \"@context\": \"http:\/\/schema.org\",\n            \"@type\": \"BreadcrumbList\",\n            \"itemListElement\": [\n                            ]\n        }\n    <\/script>\n   \n    <script>\n            <\/script>\n\n<\/div><\/div><\/div><\/div><\/div><\/div><\/section><!-- Row Backgrounds --><div class=\"upb_color\" data-bg-override=\"0\" data-bg-color=\"#eeeeee\" data-fadeout=\"\" data-fadeout-percentage=\"30\" data-parallax-content=\"\" data-parallax-content-sense=\"30\" data-row-effect-mobile-disable=\"true\" data-img-parallax-mobile-disable=\"true\" data-rtl=\"false\"  data-custom-vc-row=\"\"  data-vc=\"8.7.2\"  data-is_old_vc=\"\"  data-theme-support=\"\"   data-overlay=\"false\" data-overlay-color=\"\" data-overlay-pattern=\"\" data-overlay-pattern-opacity=\"\" data-overlay-pattern-size=\"\"    ><\/div>\n<section class=\"l-section wpb_row height_auto\"><div class=\"l-section-h i-cf\"><div class=\"g-cols vc_row via_grid cols_1 laptops-cols_inherit tablets-cols_inherit mobiles-cols_1 valign_top type_default stacking_default\"><div class=\"wpb_column vc_column_container\"><div class=\"vc_column-inner\"><div class=\"w-separator size_small\"><\/div><section class=\"l-section wpb_row height_small\"><div class=\"l-section-h i-cf\"><div class=\"g-cols vc_row via_grid cols_1 laptops-cols_inherit tablets-cols_inherit mobiles-cols_1 valign_top type_default stacking_default\"><div class=\"wpb_column vc_column_container\"><div class=\"vc_column-inner\"><div class=\"g-cols wpb_row via_grid cols_1 laptops-cols_inherit tablets-cols_inherit mobiles-cols_1 valign_middle type_default stacking_default\" style=\"--columns-gap:3rem;\"><div class=\"wpb_column vc_column_container\"><div class=\"vc_column-inner\"><h1 class=\"w-post-elm post_title us_custom_ab5202c7 has_text_color align_center entry-title\">Contacte<\/h1><\/div><\/div><\/div><\/div><\/div><\/div><\/div><\/section>\n<\/div><\/div><\/div><\/div><\/section><section class=\"l-section wpb_row height_small\"><div class=\"l-section-h i-cf\"><div class=\"g-cols vc_row via_grid cols_custom laptops-cols_inherit tablets-cols_inherit mobiles-cols_1 valign_top type_default stacking_default\" style=\"--custom-columns:0.5fr 5fr 0.5fr \"><div class=\"wpb_column vc_column_container\"><div class=\"vc_column-inner\"><\/div><\/div><div class=\"wpb_column vc_column_container\"><div class=\"vc_column-inner\"><div class=\"w-separator size_small with_line width_default thick_1 style_solid color_border align_center\"><div class=\"w-separator-h\"><\/div><\/div><div class=\"g-cols wpb_row via_grid cols_1-2 laptops-cols_inherit tablets-cols_inherit mobiles-cols_1 valign_top type_default stacking_default\" style=\"--columns-gap:3rem;\"><div class=\"wpb_column vc_column_container\"><div class=\"vc_column-inner\"><div class=\"w-hwrapper valign_top default_align_left laptops_align_left tablets_align_center mobiles_align_center\" style=\"--hwrapper-gap:3px\"><div class=\"w-image us_custom_7230f495 align_center\"><div class=\"w-image-h\"><img decoding=\"async\" width=\"401\" height=\"400\" src=\"https:\/\/ayto.mutxamel.org\/wp-content\/uploads\/2023\/11\/LOGO-EN-COLOR-AYUNTAMIENTO-MUTXAMEL-401x400.png\" class=\"attachment-us_600_400 size-us_600_400\" alt=\"Escudo de Mutxamel\" loading=\"lazy\" srcset=\"https:\/\/ayto.mutxamel.org\/wp-content\/uploads\/2023\/11\/LOGO-EN-COLOR-AYUNTAMIENTO-MUTXAMEL-401x400.png 401w, https:\/\/ayto.mutxamel.org\/wp-content\/uploads\/2023\/11\/LOGO-EN-COLOR-AYUNTAMIENTO-MUTXAMEL-300x300.png 300w, https:\/\/ayto.mutxamel.org\/wp-content\/uploads\/2023\/11\/LOGO-EN-COLOR-AYUNTAMIENTO-MUTXAMEL-150x150.png 150w, https:\/\/ayto.mutxamel.org\/wp-content\/uploads\/2023\/11\/LOGO-EN-COLOR-AYUNTAMIENTO-MUTXAMEL.png 814w\" sizes=\"auto, (max-width: 401px) 100vw, 401px\" \/><\/div><\/div><h2 class=\"w-text us_custom_c23c1fdd\"><span class=\"w-text-h\"><span class=\"w-text-value\">AYUNTAMENT<br \/>\nMUTXAMEL<\/span><\/span><\/h2><\/div><\/div><\/div><div class=\"wpb_column vc_column_container\"><div class=\"vc_column-inner\"><div class=\"w-hwrapper us_custom_8535c5f4 datos_area valign_middle wrap align_none\" style=\"--hwrapper-gap:2rem\"><div class=\"w-iconbox iconpos_left style_default color_primary align_center no_text\"><a target=\"_blank\" href=\"https:\/\/maps.app.goo.gl\/ytARCtpvvgpatTfX8\" class=\"w-iconbox-link\" aria-label=\"Avda. Carlos Soler 46, 03110 Mutxamel, Alacant\"><div class=\"w-iconbox-icon\" style=\"font-size:1.1rem;\"><i class=\"fas fa-map-marker-alt\"><\/i><\/div><\/a><div class=\"w-iconbox-meta\"><span class=\"w-iconbox-title\" style=\"font-size:0.69rem;\"><a target=\"_blank\" href=\"https:\/\/maps.app.goo.gl\/ytARCtpvvgpatTfX8\" class=\"w-iconbox-link\" aria-label=\"Avda. Carlos Soler 46, 03110 Mutxamel, Alacant\">Avda. Carlos Soler 46, 03110 Mutxamel, Alacant<\/a><\/span><\/div><\/div><div class=\"w-iconbox iconpos_left style_default color_primary align_center no_text\"><a target=\"_blank\" href=\"tel:0034965955910\" class=\"w-iconbox-link\" aria-label=\"965 955 910\"><div class=\"w-iconbox-icon\" style=\"font-size:1.1rem;\"><i class=\"fas fa-phone-alt\"><\/i><\/div><\/a><div class=\"w-iconbox-meta\"><span class=\"w-iconbox-title\" style=\"font-size:0.69rem;\"><a target=\"_blank\" href=\"tel:0034965955910\" class=\"w-iconbox-link\" aria-label=\"965 955 910\">965 955 910<\/a><\/span><\/div><\/div><div class=\"w-iconbox us_custom_55b0d5f0 linkext iconpos_left style_default color_primary align_center no_text\"><div class=\"w-iconbox-icon\" style=\"font-size:1.1rem;\"><i class=\"fas fa-clock\"><\/i><\/div><div class=\"w-iconbox-meta\"><p class=\"w-iconbox-title\" style=\"font-size:0.69rem;\">Horari d&#8217;atenci\u00f3 al p\u00fablic: &lt;b&gt;8:30 a 14:00 h (dilluns a divendres)&lt;\/b&gt;<\/p><\/div><\/div><\/div><\/div><\/div><\/div><div class=\"w-separator size_small with_line width_default thick_1 style_solid color_border align_center\"><div class=\"w-separator-h\"><\/div><\/div><\/div><\/div><div class=\"wpb_column vc_column_container\"><div class=\"vc_column-inner\"><\/div><\/div><\/div><\/div><\/section><section class=\"l-section wpb_row height_small\"><div class=\"l-section-h i-cf\"><div class=\"g-cols vc_row via_grid cols_custom laptops-cols_inherit tablets-cols_inherit mobiles-cols_1 valign_top type_default stacking_default\" style=\"--custom-columns:0.5fr 5fr 0.5fr \"><div class=\"wpb_column vc_column_container\"><div class=\"vc_column-inner\"><\/div><\/div><div class=\"wpb_column vc_column_container\"><div class=\"vc_column-inner\"><div class=\"wpb_text_column us_custom_ded7f535\"><div class=\"wpb_wrapper\"><p><strong>Pot enviar el seg\u00fcent formulari per a fer-nos arribar les seues consultes i comentaris.<\/strong><\/p>\n<\/div><\/div>\n<div class=\"wpcf7 no-js us_custom_a86ebd13\" id=\"wpcf7-f33368-o1\" lang=\"ca\" dir=\"ltr\" data-wpcf7-id=\"33368\">\n<div class=\"screen-reader-response\"><p role=\"status\" aria-live=\"polite\" aria-atomic=\"true\"><\/p> <ul><\/ul><\/div>\n<form action=\"\/ca\/wp-json\/wp\/v2\/pages\/33369#wpcf7-f33368-o1\" method=\"post\" class=\"wpcf7-form init wpcf7-acceptance-as-validation\" aria-label=\"Formulari de contacte\" novalidate=\"novalidate\" data-status=\"init\">\n<fieldset class=\"hidden-fields-container\"><input type=\"hidden\" name=\"_wpcf7\" value=\"33368\" \/><input type=\"hidden\" name=\"_wpcf7_version\" value=\"6.1.5\" \/><input type=\"hidden\" name=\"_wpcf7_locale\" value=\"ca\" \/><input type=\"hidden\" name=\"_wpcf7_unit_tag\" value=\"wpcf7-f33368-o1\" \/><input type=\"hidden\" name=\"_wpcf7_container_post\" value=\"0\" \/><input type=\"hidden\" name=\"_wpcf7_posted_data_hash\" value=\"\" \/><input type=\"hidden\" name=\"_wpcf7_recaptcha_response\" value=\"\" \/>\n<\/fieldset>\n<p><label><span>Nom complet<\/span><span class=\"wpcf7-form-control-wrap\" data-name=\"your-name\"><input size=\"40\" maxlength=\"400\" class=\"wpcf7-form-control wpcf7-text wpcf7-validates-as-required\" autocomplete=\"name\" aria-required=\"true\" aria-invalid=\"false\" value=\"\" type=\"text\" name=\"your-name\" \/><\/span> <\/label>\n<\/p>\n<p><label><span>Correu electr\u00f2nic<\/span><span class=\"wpcf7-form-control-wrap\" data-name=\"your-email\"><input size=\"40\" maxlength=\"400\" class=\"wpcf7-form-control wpcf7-email wpcf7-validates-as-required wpcf7-text wpcf7-validates-as-email\" autocomplete=\"email\" aria-required=\"true\" aria-invalid=\"false\" value=\"\" type=\"email\" name=\"your-email\" \/><\/span> <\/label>\n<\/p>\n<p><label><span>Tel\u00e8fon<\/span><span class=\"wpcf7-form-control-wrap\" data-name=\"your-phone\"><input size=\"40\" maxlength=\"400\" class=\"wpcf7-form-control wpcf7-tel wpcf7-text wpcf7-validates-as-tel\" autocomplete=\"phone\" aria-invalid=\"false\" value=\"\" type=\"tel\" name=\"your-phone\" \/><\/span> <\/label>\n<\/p>\n<p><label><span>Assumpte del missatge<\/span><span class=\"wpcf7-form-control-wrap\" data-name=\"your-subject\"><input size=\"40\" maxlength=\"400\" class=\"wpcf7-form-control wpcf7-text\" aria-invalid=\"false\" value=\"\" type=\"text\" name=\"your-subject\" \/><\/span> <\/label>\n<\/p>\n<p><label><span>Missatge<\/span><span class=\"wpcf7-form-control-wrap\" data-name=\"your-message\"><textarea cols=\"40\" rows=\"10\" maxlength=\"2000\" class=\"wpcf7-form-control wpcf7-textarea\" aria-invalid=\"false\" name=\"your-message\"><\/textarea><\/span> <\/label>\n<\/p>\n<p class=\"line_small\"><strong>Podeu exercir el dret d\u2019acc\u00e9s, rectificaci\u00f3, supressi\u00f3 i portabilitat de les dades i limitaci\u00f3 o oposici\u00f3 al seu tractament utilitzant el formulari seg\u00fcent.<\/strong>\n<\/p>\n<p class=\"txt_tiny line_small\">Conforme a la Legislaci\u00f3 de Protecci\u00f3 de Dades, Reglament (UE) 2016\/679, de 27 d\u2019abril de 2016 i Llei org\u00e0nica 3\/2018 de 5 de desembre de Protecci\u00f3 de Dades Personals i Garantia dels Drets Digitals, vos informem que les dades personals aqu\u00ed recopilades seran objecte de tractament, sota la responsabilitat de l\u2019Ajuntament de Mutxamel, amb la finalitat d\u2019establir comunicaci\u00f3 amb els usuaris d\u2019este web. Les dades seran tractades en exercici de les potestats atribu\u00efdes a l\u2019Entitat per la Llei 7\/1985, de 2 d\u2019abril, Reguladora de les Bases del R\u00e8gim Local, i per la Llei 39\/2015, d\u20191 d\u2019octubre, del Procediment Administratiu Com\u00fa de les Administracions P\u00fabliques, i no se cediran a tercers, excepte obligaci\u00f3 legal de cessi\u00f3 a altres organismes.\n<\/p>\n<p><span><span class=\"wpcf7-form-control-wrap\" data-name=\"acepta\"><span class=\"wpcf7-form-control wpcf7-acceptance\"><span class=\"wpcf7-list-item\"><label><input type=\"checkbox\" name=\"acepta\" value=\"1\" aria-invalid=\"false\" \/><span class=\"wpcf7-list-item-label\">Estic d'acord amb les <a href=\"\/aviso-legal\/\" target=\"_blank\">condicions legals<\/a> i de <a href=\"\/politica-de-privacidad\/\" target=\"_blank\">privacitat<\/a>.<\/span><\/label><\/span><\/span><\/span><\/span>\n<\/p>\n<p><input class=\"wpcf7-form-control wpcf7-submit has-spinner w-btn us-btn-style_3 us_custom_fb8da145 has_text_color\" type=\"submit\" value=\"Enviar\" \/>\n<\/p><div class=\"wpcf7-response-output\" aria-hidden=\"true\"><\/div>\n<\/form>\n<\/div>\n<\/div><\/div><div class=\"wpb_column vc_column_container\"><div class=\"vc_column-inner\"><\/div><\/div><\/div><\/div><\/section>\n","protected":false},"excerpt":{"rendered":"Contacte AYUNTAMENT MUTXAMELAvda. Carlos Soler 46, 03110 Mutxamel, Alacant965 955 910Horari d&#8217;atenci\u00f3 al p\u00fablic: &lt;b&gt;8:30 a 14:00 h (dilluns a divendres)&lt;\/b&gt;Pot enviar el seg\u00fcent formulari per a fer-nos arribar les seues consultes i comentaris. Nom complet Correu electr\u00f2nic Tel\u00e8fon Assumpte del missatge Missatge Podeu exercir el dret d\u2019acc\u00e9s, rectificaci\u00f3, supressi\u00f3 i portabilitat de les dades...","protected":false},"author":1,"featured_media":0,"parent":0,"menu_order":0,"comment_status":"closed","ping_status":"closed","template":"","meta":{"_acf_changed":false,"footnotes":""},"class_list":["post-33369","page","type-page","status-publish","hentry"],"acf":[],"yoast_head":"<!-- This site is optimized with the Yoast SEO plugin v27.3 - https:\/\/yoast.com\/product\/yoast-seo-wordpress\/ -->\n<title>Contacte - Ayuntamiento de Mutxamel<\/title>\n<meta name=\"robots\" content=\"index, follow, max-snippet:-1, max-image-preview:large, max-video-preview:-1\" \/>\n<link rel=\"canonical\" href=\"https:\/\/ayto.mutxamel.org\/ca\/contacte\/\" \/>\n<meta property=\"og:locale\" content=\"ca_ES\" \/>\n<meta property=\"og:type\" content=\"article\" \/>\n<meta property=\"og:title\" content=\"Contacte - Ayuntamiento de Mutxamel\" \/>\n<meta property=\"og:url\" content=\"https:\/\/ayto.mutxamel.org\/ca\/contacte\/\" \/>\n<meta property=\"og:site_name\" content=\"Ayuntamiento de Mutxamel\" \/>\n<meta property=\"article:modified_time\" content=\"2023-12-14T20:41:41+00:00\" \/>\n<meta name=\"twitter:card\" content=\"summary_large_image\" \/>\n<meta name=\"twitter:label1\" content=\"Temps estimat de lectura\" \/>\n\t<meta name=\"twitter:data1\" content=\"1 minut\" \/>\n<script type=\"application\/ld+json\" class=\"yoast-schema-graph\">{\"@context\":\"https:\\\/\\\/schema.org\",\"@graph\":[{\"@type\":\"WebPage\",\"@id\":\"https:\\\/\\\/ayto.mutxamel.org\\\/ca\\\/contacte\\\/\",\"url\":\"https:\\\/\\\/ayto.mutxamel.org\\\/ca\\\/contacte\\\/\",\"name\":\"Contacte - Ayuntamiento de Mutxamel\",\"isPartOf\":{\"@id\":\"https:\\\/\\\/ayto.mutxamel.org\\\/ca\\\/#website\"},\"datePublished\":\"2023-11-23T16:39:33+00:00\",\"dateModified\":\"2023-12-14T20:41:41+00:00\",\"breadcrumb\":{\"@id\":\"https:\\\/\\\/ayto.mutxamel.org\\\/ca\\\/contacte\\\/#breadcrumb\"},\"inLanguage\":\"ca\",\"potentialAction\":[{\"@type\":\"ReadAction\",\"target\":[\"https:\\\/\\\/ayto.mutxamel.org\\\/ca\\\/contacte\\\/\"]}]},{\"@type\":\"BreadcrumbList\",\"@id\":\"https:\\\/\\\/ayto.mutxamel.org\\\/ca\\\/contacte\\\/#breadcrumb\",\"itemListElement\":[{\"@type\":\"ListItem\",\"position\":1,\"name\":\"Portada\",\"item\":\"https:\\\/\\\/ayto.mutxamel.org\\\/ca\\\/\"},{\"@type\":\"ListItem\",\"position\":2,\"name\":\"Contacte\"}]},{\"@type\":\"WebSite\",\"@id\":\"https:\\\/\\\/ayto.mutxamel.org\\\/ca\\\/#website\",\"url\":\"https:\\\/\\\/ayto.mutxamel.org\\\/ca\\\/\",\"name\":\"Ayuntamiento de Mutxamel\",\"description\":\"\",\"potentialAction\":[{\"@type\":\"SearchAction\",\"target\":{\"@type\":\"EntryPoint\",\"urlTemplate\":\"https:\\\/\\\/ayto.mutxamel.org\\\/ca\\\/?s={search_term_string}\"},\"query-input\":{\"@type\":\"PropertyValueSpecification\",\"valueRequired\":true,\"valueName\":\"search_term_string\"}}],\"inLanguage\":\"ca\"}]}<\/script>\n<!-- \/ Yoast SEO plugin. -->","yoast_head_json":{"title":"Contacte - Ayuntamiento de Mutxamel","robots":{"index":"index","follow":"follow","max-snippet":"max-snippet:-1","max-image-preview":"max-image-preview:large","max-video-preview":"max-video-preview:-1"},"canonical":"https:\/\/ayto.mutxamel.org\/ca\/contacte\/","og_locale":"ca_ES","og_type":"article","og_title":"Contacte - Ayuntamiento de Mutxamel","og_url":"https:\/\/ayto.mutxamel.org\/ca\/contacte\/","og_site_name":"Ayuntamiento de Mutxamel","article_modified_time":"2023-12-14T20:41:41+00:00","twitter_card":"summary_large_image","twitter_misc":{"Temps estimat de lectura":"1 minut"},"schema":{"@context":"https:\/\/schema.org","@graph":[{"@type":"WebPage","@id":"https:\/\/ayto.mutxamel.org\/ca\/contacte\/","url":"https:\/\/ayto.mutxamel.org\/ca\/contacte\/","name":"Contacte - Ayuntamiento de Mutxamel","isPartOf":{"@id":"https:\/\/ayto.mutxamel.org\/ca\/#website"},"datePublished":"2023-11-23T16:39:33+00:00","dateModified":"2023-12-14T20:41:41+00:00","breadcrumb":{"@id":"https:\/\/ayto.mutxamel.org\/ca\/contacte\/#breadcrumb"},"inLanguage":"ca","potentialAction":[{"@type":"ReadAction","target":["https:\/\/ayto.mutxamel.org\/ca\/contacte\/"]}]},{"@type":"BreadcrumbList","@id":"https:\/\/ayto.mutxamel.org\/ca\/contacte\/#breadcrumb","itemListElement":[{"@type":"ListItem","position":1,"name":"Portada","item":"https:\/\/ayto.mutxamel.org\/ca\/"},{"@type":"ListItem","position":2,"name":"Contacte"}]},{"@type":"WebSite","@id":"https:\/\/ayto.mutxamel.org\/ca\/#website","url":"https:\/\/ayto.mutxamel.org\/ca\/","name":"Ayuntamiento de Mutxamel","description":"","potentialAction":[{"@type":"SearchAction","target":{"@type":"EntryPoint","urlTemplate":"https:\/\/ayto.mutxamel.org\/ca\/?s={search_term_string}"},"query-input":{"@type":"PropertyValueSpecification","valueRequired":true,"valueName":"search_term_string"}}],"inLanguage":"ca"}]}},"_links":{"self":[{"href":"https:\/\/ayto.mutxamel.org\/ca\/wp-json\/wp\/v2\/pages\/33369","targetHints":{"allow":["GET"]}}],"collection":[{"href":"https:\/\/ayto.mutxamel.org\/ca\/wp-json\/wp\/v2\/pages"}],"about":[{"href":"https:\/\/ayto.mutxamel.org\/ca\/wp-json\/wp\/v2\/types\/page"}],"author":[{"embeddable":true,"href":"https:\/\/ayto.mutxamel.org\/ca\/wp-json\/wp\/v2\/users\/1"}],"replies":[{"embeddable":true,"href":"https:\/\/ayto.mutxamel.org\/ca\/wp-json\/wp\/v2\/comments?post=33369"}],"version-history":[{"count":5,"href":"https:\/\/ayto.mutxamel.org\/ca\/wp-json\/wp\/v2\/pages\/33369\/revisions"}],"predecessor-version":[{"id":38966,"href":"https:\/\/ayto.mutxamel.org\/ca\/wp-json\/wp\/v2\/pages\/33369\/revisions\/38966"}],"wp:attachment":[{"href":"https:\/\/ayto.mutxamel.org\/ca\/wp-json\/wp\/v2\/media?parent=33369"}],"curies":[{"name":"wp","href":"https:\/\/api.w.org\/{rel}","templated":true}]}}