{"id":33113,"date":"2023-11-22T16:52:01","date_gmt":"2023-11-22T15:52:01","guid":{"rendered":"https:\/\/ayto.mutxamel.org\/avis-legal\/"},"modified":"2023-12-14T21:11:11","modified_gmt":"2023-12-14T20:11:11","slug":"avis-legal","status":"publish","type":"page","link":"https:\/\/ayto.mutxamel.org\/ca\/avis-legal\/","title":{"rendered":"Av\u00eds legal"},"content":{"rendered":"<section class=\"l-section wpb_row us_custom_e4988f48 has_text_color height_auto\"><div class=\"l-section-overlay\" style=\"background:#E3E4E4\"><\/div><div class=\"l-section-h i-cf\"><div class=\"g-cols vc_row via_grid cols_1 laptops-cols_inherit tablets-cols_inherit mobiles-cols_1 valign_top type_default stacking_default\"><div class=\"wpb_column vc_column_container\"><div class=\"vc_column-inner\"><nav class=\"g-breadcrumbs us_custom_492179a4 separator_icon align_left\" itemscope itemtype=\"http:\/\/schema.org\/BreadcrumbList\"><div class=\"g-breadcrumbs-item\" itemscope itemprop=\"itemListElement\" itemtype=\"http:\/\/schema.org\/ListItem\"><a itemprop=\"item\" href=\"https:\/\/ayto.mutxamel.org\/ca\/\"><span itemprop=\"name\">P\u00e0gina d'inici<\/span><\/a><meta itemprop=\"position\" content=\"1\"\/><\/div><div class=\"g-breadcrumbs-separator\"><i class=\"far fa-angle-right\"><\/i><\/div><div class=\"g-breadcrumbs-item\">P\u00e0gines<\/div><\/nav><\/div><\/div><\/div><\/div><\/section><section class=\"l-section wpb_row height_medium\"><div class=\"l-section-h i-cf\"><div class=\"g-cols vc_row via_grid cols_1 laptops-cols_inherit tablets-cols_inherit mobiles-cols_1 valign_top type_default stacking_default\"><div class=\"wpb_column vc_column_container\"><div class=\"vc_column-inner\"><div class=\"wpb_text_column\"><div class=\"wpb_wrapper\"><div class=\"i4t-include-i4t-wrapper-content\" role=\"region\" aria-labelledby=\"i4t-id-0\" data-insuit-uuid=\"f1871597-3ca4-4790-b858-49bc73d6762f\">\n<p>Vos agra\u00efm que ens visiteu. Volem que la vostra experi\u00e8ncia en la nostra Web siga tan bona com siga possible.<\/p>\n<\/div>\n<div class=\"i4t-include-i4t-wrapper-content\" role=\"region\" aria-labelledby=\"i4t-id-1\" data-insuit-uuid=\"f7eb77ad-0a32-40ed-afc8-25bf780d79c9\">\n<p id=\"i4t-id-1\" class=\"i4t-wrapper-content-1 i4t-reference-include\">Per a accedir als nostres serveis, declareu que <strong>sou<\/strong><strong> major d\u2019edat<\/strong> i que teniu la capacitat legal suficient per a usar els nostres serveis, d\u2019acord amb la vostra llei nacional.<\/p>\n<p>L\u2019acc\u00e9s i la navegaci\u00f3 en el lloc web, o l\u2019\u00fas dels seus serveis, impliquen l\u2019acceptaci\u00f3 expressa i \u00edntegra de totes i cadascuna d\u2019estes Condicions Generals, incloses tant les Condicions Particulars fixades per a certes promocions, aix\u00ed com de les Pol\u00edtiques de Privacitat i de les Galletes, relacionades amb la normativa vigent en la mat\u00e8ria de Protecci\u00f3 de Dades Personals.<\/p>\n<p>Per favor, vos recomanem que les llegiu amb atenci\u00f3 per a saber quin tipus de dades es recullen a trav\u00e9s de la nostra Web, amb quines finalitats i quins drets relacionats amb aix\u00f2 vos concernixen.<\/p>\n<\/div>\n<div class=\"i4t-include-i4t-wrapper-content\" role=\"region\" aria-labelledby=\"i4t-id-2\" data-insuit-uuid=\"5a0262c8-0bf9-42fc-8c9b-decadd119de2\">\n<p id=\"i4t-id-2\" class=\"i4t-wrapper-content-2 i4t-reference-include\"><strong>1.- Informaci\u00f3 Legal.<\/strong><\/p>\n<p>En compliment de la Llei 34\/2002, d\u201911 de juliol, de Serveis de la Societat de la Informaci\u00f3 i del Comer\u00e7 Electr\u00f2nic, les dades identificatives del titular del Portal Web s\u00f3n:<\/p>\n<p><strong>AJUNTAMENT DE MUTXAMEL<\/strong><\/p>\n<p><strong>Avinguda Carlos Soler, 46<\/strong><\/p>\n<p><strong>03110 <\/strong><strong>Mutxamel<\/strong><\/p>\n<p><strong>P0309000H<\/strong><\/div>\n<div class=\"i4t-include-i4t-wrapper-content\" role=\"region\" aria-labelledby=\"i4t-id-3\" data-insuit-uuid=\"f8a0ab38-8e6b-4baf-9e7e-8d1ce159ff30\">\n<p id=\"i4t-id-3\" class=\"i4t-wrapper-content-3 i4t-reference-include\">Per a qualsevol dubte o consulta, poseu-vos en contacte amb nosaltres a trav\u00e9s del Tel: <strong>965955910<\/strong>, correu electr\u00f2nic: <strong><a href=\"mailto:alcaldia@mutxamel.org\" target=\"_blank\" rel=\"noreferrer noopener\" data-insuit-uuid=\"a0ae3f29-3a2a-4bda-a2a1-7ca3ac7970af\">alcaldia@mutxamel.org<\/a><\/strong><\/p>\n<p>L\u2019acc\u00e9s a la Web suposa l\u2019acceptaci\u00f3 expressa de la persona usu\u00e0ria a estes Condicions Generals d\u2019\u00das, que podran ser modificades totalment o parcialment o substitu\u00efdes per unes altres, pel seu titular i en qualsevol moment sense previ av\u00eds. Vos recomanem que hi accediu de tant en tant per a comprovar les vostres possibles modificacions, que es publicaran en el mateix apartat.<\/p>\n<\/div>\n<div class=\"i4t-include-i4t-wrapper-content\" role=\"region\" aria-labelledby=\"i4t-id-4\" data-insuit-uuid=\"4a48c1ff-8e3b-4df8-9540-39505f7bcecf\">\n<p id=\"i4t-id-4\" class=\"i4t-wrapper-content-4 i4t-reference-include\"><strong>2.- Condicions Generals d\u2019\u00das.<\/strong><\/p>\n<p>Les Condicions Generals seg\u00fcents regulen l\u2019\u00fas i acc\u00e9s al portal Web, que t\u00e9 la finalitat d\u2019establir pautes de bon \u00fas i comportament d\u2019esta. L\u2019AJUNTAMENT DE MUTXAMEL posa a la disposici\u00f3 de les persones usu\u00e0ries informaci\u00f3 sobre l\u2019\u00fas, els serveis i els continguts que s\u2019allotgen en la Web. Que a trav\u00e9s d\u2019esta tenen acc\u00e9s a informaci\u00f3 sobre productes i serveis espec\u00edfics, eines i aplicacions.<\/p>\n<p>Les dades i informacions sobre productes o serveis, preus i caracter\u00edstiques o altres dades rellevants oferides a trav\u00e9s de la p\u00e0gina web s\u00f3n realitzats, proporcionats i actualitzats per prove\u00efdors i terceres empreses. L\u2019AJUNTAMENT DE MUTXAMEL no \u00e9s, en cap cas, responsable d\u2019estes dades i informacions ni assumeix cap obligaci\u00f3 sobre estes.<\/p>\n<p>La persona usu\u00e0ria es compromet a fer un \u00fas adequat dels continguts, serveis, aplicacions i eines que estan accessibles, amb subjecci\u00f3 a la Llei i a estes Condicions Generals d\u2019\u00das i, en el seu cas, a les Condicions Particulars que puguen establir-se per a l\u2019acc\u00e9s a determinats serveis i aplicacions, respectant en tot moment \u00a0les altres persones usu\u00e0ries d\u2019esta.<\/p>\n<p>En cas d\u2019incompliment total i\/o parcial per les persones usu\u00e0ries d\u2019estes condicions generals d\u2019\u00das, L\u2019AJUNTAMENT DE MUTXAMEL es reserva el dret de denegar-li l\u2019acc\u00e9s a la Web, sense necessitat d\u2019av\u00eds previ.<\/p>\n<\/div>\n<div class=\"i4t-include-i4t-wrapper-content\" role=\"region\" aria-labelledby=\"i4t-id-5\" data-insuit-uuid=\"1963ad1e-0768-40f4-95dc-51c087096150\">\n<p id=\"i4t-id-5\" class=\"i4t-wrapper-content-5 i4t-reference-include\"><strong>3.- Obligacions Generals de les persones usu\u00e0ries.<\/strong><\/p>\n<p>Les persones usu\u00e0ries, quan accepta estes condicions Generals d\u2019\u00das, s\u2019obliga expressament a:<\/p>\n<p>\u2013 No realitzar cap acci\u00f3 destinada que perjudique, bloquege, danye, inutilitze, sobrecarregue, de manera temporal o definitiva, les funcionalitats, eines, continguts i\/o la infraestructura de la p\u00e0gina web, de manera que impedisca la seua normal utilitzaci\u00f3.<\/p>\n<p>\u2013 Custodiar i mantindre la confidencialitat de les claus d\u2019acc\u00e9s associades com a persona usu\u00e0ria, i \u00e9s responsable de la utilitzaci\u00f3 d\u2019estes claus d\u2019acc\u00e9s personals i intransferibles per part de tercers.<\/p>\n<p>\u2013 No introduir ni realitzar continguts injuriosos o calumniosos, tant d\u2019altres persones usu\u00e0ries com de terceres empreses alienes a L\u2019AJUNTAMENT DE MUTXAMEL.<\/p>\n<p>\u2013 No utilitzar qualsevol dels materials i informacions continguts en este Lloc web amb finalitats il\u00b7l\u00edcites i\/o expressament prohibides en estes Condicions Generals d\u2019\u00das, aix\u00ed com a les condicions particulars que, si escau, s\u2019establisquen per a determinades aplicacions i\/o utilitats i que resulten contraris als drets i interessos de L\u2019AJUNTAMENT DE MUTXAMEL, els seus usuaris i\/o tercers.<\/p>\n<p>\u2013 No oferir ni distribuir productes i serveis, ni realitzar publicitat o comunicacions comercials no sol\u00b7licitades a altres Usuaris i visitants de L\u2019AJUNTAMENT DE MUTXAMEL.<\/p>\n<p>La persona usu\u00e0ria respondr\u00e0 dels tots els danys i perjudicis de tota naturalesa que L\u2019AJUNTAMENT DE MUTXAMEL o qualsevol tercer puga patir a conseq\u00fc\u00e8ncia de l\u2019incompliment de qualssevol de les obligacions a les quals queda sotm\u00e9s per virtut d\u2019estes \u201cCondicions Generals d\u2019\u00das\u201d o de la llei en relaci\u00f3 amb l\u2019acc\u00e9s i\/o utilitzaci\u00f3 de la p\u00e0gina.<\/p>\n<\/div>\n<div class=\"i4t-include-i4t-wrapper-content\" role=\"region\" aria-labelledby=\"i4t-id-6\" data-insuit-uuid=\"c80bb8cb-1073-4668-ba0b-9d7a73bbce93\">\n<p id=\"i4t-id-6\" class=\"i4t-wrapper-content-6 i4t-reference-include\"><strong>4.- Propietat Intel\u00b7lectual i Industrial.<\/strong><\/p>\n<p>El lloc web, les p\u00e0gines que compr\u00e9n i la informaci\u00f3 o elements que hi contenen (on s\u2019inclouen textos, documents, fotografies, dibuixos, representacions gr\u00e0fiques, dels quals \u00e9s titular o ho\u00a0 s\u00f3n tercers que l\u2019autoritzen a utilizar-los), aix\u00ed com els logotips, \u00a0les marques, els noms comercials o altres signes distintius, es troben protegits per drets de propietat intel\u00b7lectual i\/o industrial, dels quals l\u2019AJUNTAMENT DE MUTXAMEL \u00e9s titular o t\u00e9 l\u2019autoritzaci\u00f3 per a la seua utilitzaci\u00f3 i comunicaci\u00f3 p\u00fablica dels seus \u00a0titulars leg\u00edtims.<\/p>\n<p>L\u2019Usuari s\u2019obliga a usar els continguts de manera diligent i correcta, d\u2019acord amb la llei, la moral i l\u2019ordre p\u00fablic. L\u2019AJUNTAMENT DE MUTXAMEL autoritza l\u2019Usuari per a visualitzar la informaci\u00f3 que es cont\u00e9 en este lloc web, aix\u00ed com per a efectuar reproduccions privades (simple activitat de desc\u00e0rrega i emmagatzematge en els seus sistemes inform\u00e0tics), sempre que els elements siguen destinats \u00fanicament a l\u2019\u00fas personal. En cap cas, aix\u00f2 significar\u00e0 una autoritzaci\u00f3 o llic\u00e8ncia sobre els drets de propietat de l\u2019AJUNTAMENT DE MUTXAMEL o dels leg\u00edtims titulars d\u2019estes.<\/p>\n<p>L\u2019Usuari no est\u00e0 autoritzat per a procedir a la distribuci\u00f3, modificaci\u00f3, cessi\u00f3 o comunicaci\u00f3 p\u00fablica de la informaci\u00f3 continguda en esta Web en qualsevol forma i qualsevol que siga la seua finalitat.<\/p>\n<\/div>\n<div class=\"i4t-include-i4t-wrapper-content\" role=\"region\" aria-labelledby=\"i4t-id-7\" data-insuit-uuid=\"8f769897-7d4f-4eba-862d-ae7f688011a1\">\n<p id=\"i4t-id-7\" class=\"i4t-wrapper-content-7 i4t-reference-include\"><strong>5.- Enlla\u00e7os.<\/strong><\/p>\n<p>Les connexions i enlla\u00e7os a llocs o p\u00e0gines Web de tercers s\u2019han establit \u00fanicament com una utilitat per a l\u2019Usuari. L\u2019AJUNTAMENT DE MUTXAMEL no \u00e9s, en cap cas, responsable d\u2019estes o del seu contingut.<\/p>\n<p>L\u2019AJUNTAMENT DE MUTXAMEL no assumix cap responsabilitat derivada de l\u2019exist\u00e8ncia d\u2019enlla\u00e7os entre els continguts d\u2019este lloc i continguts situats fora del mateix o de qualsevol altre menci\u00f3 de continguts externs a este lloc. Estos enlla\u00e7os o mencions tenen una finalitat exclusivament informativa i, en cap cas, impliquen el suport, aprovaci\u00f3, comercialitzaci\u00f3 o cap relaci\u00f3 entre l\u2019AJUNTAMENT DE MUTXAMEL i les persones o entitats autores i\/o gestores d\u2019eixos continguts o dels titulars dels llocs on es troben.<\/p>\n<p>Per a realitzar enlla\u00e7os amb la p\u00e0gina Web ser\u00e0 necess\u00e0ria l\u2019autoritzaci\u00f3 expressa i per escrit dels titulars del portal.<\/p>\n<\/div>\n<div class=\"i4t-include-i4t-wrapper-content\" role=\"region\" aria-labelledby=\"i4t-id-8\" data-insuit-uuid=\"67895a9f-6dd3-4961-9957-574b27d94fd0\">\n<p id=\"i4t-id-8\" class=\"i4t-wrapper-content-8 i4t-reference-include\"><strong>6.- Responsabilitat.<\/strong><\/p>\n<p>L\u2019AJUNTAMENT DE MUTXAMEL no garantix l\u2019acc\u00e9s continuat, ni la correcta visualitzaci\u00f3, desc\u00e0rrega o utilitat dels elements i informaci\u00f3 continguts en les p\u00e0gines del portal que poden veure\u2019s impedits, dificultats o interromputs per factors o circumst\u00e0ncies fora del seu control o alienes a la seua voluntat, ni d\u2019aquells que siguen produ\u00efts per l\u2019exist\u00e8ncia de virus inform\u00e0tics en Internet.<\/p>\n<p>L\u2019AJUNTAMENT DE MUTXAMEL no assumeix cap responsabilitat per danys, perjudicis, p\u00e8rdues, reclamacions o despeses, produ\u00efts per:<\/p>\n<p>(i) Interfer\u00e8ncies, interrupcions, errors, omissions, retards, bloquejos o desconnexions, motivades per errors en les l\u00ednies i xarxes de telecomunicacions o per qualsevol altra causa aliena al control de l\u2019AJUNTAMENT DE MUTXAMEL.<\/p>\n<p>(ii) Intromissions il\u00b7leg\u00edtimes mitjan\u00e7ant l\u2019\u00fas de programes malignes de qualsevol tipus i a trav\u00e9s de qualsevol mitj\u00e0 de comunicaci\u00f3, com ara virus inform\u00e0tics o qualssevol altres;<\/p>\n<p>(iii) \u00das indegut o inadequat de la p\u00e0gina web de l\u2019AJUNTAMENT DE MUTXAMEL<\/p>\n<p>(iv) Errors de seguretat o navegaci\u00f3 produ\u00efts per un mal funcionament del navegador o per l\u2019\u00fas de versions no actualitzades.<\/p>\n<p>L\u2019AJUNTAMENT DE MUTXAMEL no \u00e9s responsable ni en cap cas respondr\u00e0, davant d\u2019usuaris i tercers, sobre actes de qualsevol tercer ali\u00e9 a l\u2019AJUNTAMENT DE MUTXAMEL que comporte o puga suposar la realitzaci\u00f3 d\u2019actes de compet\u00e8ncia deslleial i publicitat il\u00b7l\u00edcita o la infracci\u00f3 dels drets de propietat intel\u00b7lectual i industrial, dels secrets empresarials, de compromisos contractuals de qualsevol classe, dels drets a l\u2019honor, a la intimitat personal i familiar i a la imatge, dels drets de propietat i de tota una altra naturalesa pertanyents a un tercer per ra\u00f3 de la transmissi\u00f3, difusi\u00f3, emmagatzematge, posada a disposici\u00f3, recepci\u00f3, obtenci\u00f3 o acc\u00e9s als continguts.<\/p>\n<\/div>\n<div class=\"i4t-include-i4t-wrapper-content\" role=\"region\" aria-labelledby=\"i4t-id-9\" data-insuit-uuid=\"c6352fdb-3895-4e31-ad5a-fa12464a9034\">\n<p id=\"i4t-id-9\" class=\"i4t-wrapper-content-9 i4t-reference-include\"><strong>7.- Protecci\u00f3 de Dades de Car\u00e0cter Personal.<\/strong><\/p>\n<p>Tota la pol\u00edtica de tractament de dades personals la trobareu en la Pol\u00edtica de Privacitat, que forma part integrant d\u2019estes Condicions Generals per\u00f2 que, per simplicitat, hem posat en un document a part: Pol\u00edtica de Privacitat.<\/p>\n<\/div>\n<div class=\"i4t-include-i4t-wrapper-content\" role=\"region\" aria-labelledby=\"i4t-id-10\" data-insuit-uuid=\"e60ff338-fc69-42ff-9123-b973e4a47b3d\">\n<p id=\"i4t-id-10\" class=\"i4t-wrapper-content-10 i4t-reference-include\"><strong>8.- Legislaci\u00f3.<\/strong><\/p>\n<p>Este Av\u00eds Legal i els seus termes i condicions es regiran i interpretaran d\u2019acord amb la Legislaci\u00f3 Espanyola. L\u2019usuari, pel sol fet d\u2019accedir a la p\u00e0gina web o obtindre la condici\u00f3 d\u2019usuari registrat atorga, de manera irrevocable, el seu consentiment al fet que els Tribunals competents per defecte puguen con\u00e9ixer de qualsevol acci\u00f3 judicial derivada d\u2019estes condicions o relacionada amb estes, o amb l\u2019 \u00fas d\u2019este Lloc o la navegaci\u00f3 realitzada per este.<\/p>\n<p>Si alguna cl\u00e0usula o apartat de les presents Condicions Generals, que no siga de naturalesa essencial per a la seua exist\u00e8ncia, \u00e9s declarada nul\u00b7la o inaplicable, la validesa de la resta de cl\u00e0usules no es veur\u00e0 afectada.<\/p>\n<\/div>\n<\/div><\/div><\/div><\/div><\/div><\/div><\/section>\n","protected":false},"excerpt":{"rendered":"P\u00e0gina d'iniciP\u00e0gines Vos agra\u00efm que ens visiteu. Volem que la vostra experi\u00e8ncia en la nostra Web siga tan bona com siga possible. Per a accedir als nostres serveis, declareu que sou major d\u2019edat i que teniu la capacitat legal suficient per a usar els nostres serveis, d\u2019acord amb la vostra llei nacional. L\u2019acc\u00e9s i la...","protected":false},"author":1,"featured_media":0,"parent":0,"menu_order":0,"comment_status":"closed","ping_status":"closed","template":"","meta":{"_acf_changed":false,"footnotes":""},"class_list":["post-33113","page","type-page","status-publish","hentry"],"acf":[],"yoast_head":"<!-- This site is optimized with the Yoast SEO plugin v27.3 - https:\/\/yoast.com\/product\/yoast-seo-wordpress\/ -->\n<title>Av\u00eds legal - Ayuntamiento de Mutxamel<\/title>\n<meta name=\"robots\" content=\"index, follow, max-snippet:-1, max-image-preview:large, max-video-preview:-1\" \/>\n<link rel=\"canonical\" href=\"https:\/\/ayto.mutxamel.org\/ca\/avis-legal\/\" \/>\n<meta property=\"og:locale\" content=\"ca_ES\" \/>\n<meta property=\"og:type\" content=\"article\" \/>\n<meta property=\"og:title\" content=\"Av\u00eds legal - Ayuntamiento de Mutxamel\" \/>\n<meta property=\"og:url\" content=\"https:\/\/ayto.mutxamel.org\/ca\/avis-legal\/\" \/>\n<meta property=\"og:site_name\" content=\"Ayuntamiento de Mutxamel\" \/>\n<meta property=\"article:modified_time\" content=\"2023-12-14T20:11:11+00:00\" \/>\n<meta name=\"twitter:card\" content=\"summary_large_image\" \/>\n<meta name=\"twitter:label1\" content=\"Temps estimat de lectura\" \/>\n\t<meta name=\"twitter:data1\" content=\"7 minuts\" \/>\n<script type=\"application\/ld+json\" class=\"yoast-schema-graph\">{\"@context\":\"https:\\\/\\\/schema.org\",\"@graph\":[{\"@type\":\"WebPage\",\"@id\":\"https:\\\/\\\/ayto.mutxamel.org\\\/ca\\\/avis-legal\\\/\",\"url\":\"https:\\\/\\\/ayto.mutxamel.org\\\/ca\\\/avis-legal\\\/\",\"name\":\"Av\u00eds legal - Ayuntamiento de Mutxamel\",\"isPartOf\":{\"@id\":\"https:\\\/\\\/ayto.mutxamel.org\\\/ca\\\/#website\"},\"datePublished\":\"2023-11-22T15:52:01+00:00\",\"dateModified\":\"2023-12-14T20:11:11+00:00\",\"breadcrumb\":{\"@id\":\"https:\\\/\\\/ayto.mutxamel.org\\\/ca\\\/avis-legal\\\/#breadcrumb\"},\"inLanguage\":\"ca\",\"potentialAction\":[{\"@type\":\"ReadAction\",\"target\":[\"https:\\\/\\\/ayto.mutxamel.org\\\/ca\\\/avis-legal\\\/\"]}]},{\"@type\":\"BreadcrumbList\",\"@id\":\"https:\\\/\\\/ayto.mutxamel.org\\\/ca\\\/avis-legal\\\/#breadcrumb\",\"itemListElement\":[{\"@type\":\"ListItem\",\"position\":1,\"name\":\"Portada\",\"item\":\"https:\\\/\\\/ayto.mutxamel.org\\\/ca\\\/\"},{\"@type\":\"ListItem\",\"position\":2,\"name\":\"Av\u00eds legal\"}]},{\"@type\":\"WebSite\",\"@id\":\"https:\\\/\\\/ayto.mutxamel.org\\\/ca\\\/#website\",\"url\":\"https:\\\/\\\/ayto.mutxamel.org\\\/ca\\\/\",\"name\":\"Ayuntamiento de Mutxamel\",\"description\":\"\",\"potentialAction\":[{\"@type\":\"SearchAction\",\"target\":{\"@type\":\"EntryPoint\",\"urlTemplate\":\"https:\\\/\\\/ayto.mutxamel.org\\\/ca\\\/?s={search_term_string}\"},\"query-input\":{\"@type\":\"PropertyValueSpecification\",\"valueRequired\":true,\"valueName\":\"search_term_string\"}}],\"inLanguage\":\"ca\"}]}<\/script>\n<!-- \/ Yoast SEO plugin. -->","yoast_head_json":{"title":"Av\u00eds legal - Ayuntamiento de Mutxamel","robots":{"index":"index","follow":"follow","max-snippet":"max-snippet:-1","max-image-preview":"max-image-preview:large","max-video-preview":"max-video-preview:-1"},"canonical":"https:\/\/ayto.mutxamel.org\/ca\/avis-legal\/","og_locale":"ca_ES","og_type":"article","og_title":"Av\u00eds legal - Ayuntamiento de Mutxamel","og_url":"https:\/\/ayto.mutxamel.org\/ca\/avis-legal\/","og_site_name":"Ayuntamiento de Mutxamel","article_modified_time":"2023-12-14T20:11:11+00:00","twitter_card":"summary_large_image","twitter_misc":{"Temps estimat de lectura":"7 minuts"},"schema":{"@context":"https:\/\/schema.org","@graph":[{"@type":"WebPage","@id":"https:\/\/ayto.mutxamel.org\/ca\/avis-legal\/","url":"https:\/\/ayto.mutxamel.org\/ca\/avis-legal\/","name":"Av\u00eds legal - Ayuntamiento de Mutxamel","isPartOf":{"@id":"https:\/\/ayto.mutxamel.org\/ca\/#website"},"datePublished":"2023-11-22T15:52:01+00:00","dateModified":"2023-12-14T20:11:11+00:00","breadcrumb":{"@id":"https:\/\/ayto.mutxamel.org\/ca\/avis-legal\/#breadcrumb"},"inLanguage":"ca","potentialAction":[{"@type":"ReadAction","target":["https:\/\/ayto.mutxamel.org\/ca\/avis-legal\/"]}]},{"@type":"BreadcrumbList","@id":"https:\/\/ayto.mutxamel.org\/ca\/avis-legal\/#breadcrumb","itemListElement":[{"@type":"ListItem","position":1,"name":"Portada","item":"https:\/\/ayto.mutxamel.org\/ca\/"},{"@type":"ListItem","position":2,"name":"Av\u00eds legal"}]},{"@type":"WebSite","@id":"https:\/\/ayto.mutxamel.org\/ca\/#website","url":"https:\/\/ayto.mutxamel.org\/ca\/","name":"Ayuntamiento de Mutxamel","description":"","potentialAction":[{"@type":"SearchAction","target":{"@type":"EntryPoint","urlTemplate":"https:\/\/ayto.mutxamel.org\/ca\/?s={search_term_string}"},"query-input":{"@type":"PropertyValueSpecification","valueRequired":true,"valueName":"search_term_string"}}],"inLanguage":"ca"}]}},"_links":{"self":[{"href":"https:\/\/ayto.mutxamel.org\/ca\/wp-json\/wp\/v2\/pages\/33113","targetHints":{"allow":["GET"]}}],"collection":[{"href":"https:\/\/ayto.mutxamel.org\/ca\/wp-json\/wp\/v2\/pages"}],"about":[{"href":"https:\/\/ayto.mutxamel.org\/ca\/wp-json\/wp\/v2\/types\/page"}],"author":[{"embeddable":true,"href":"https:\/\/ayto.mutxamel.org\/ca\/wp-json\/wp\/v2\/users\/1"}],"replies":[{"embeddable":true,"href":"https:\/\/ayto.mutxamel.org\/ca\/wp-json\/wp\/v2\/comments?post=33113"}],"version-history":[{"count":4,"href":"https:\/\/ayto.mutxamel.org\/ca\/wp-json\/wp\/v2\/pages\/33113\/revisions"}],"predecessor-version":[{"id":38950,"href":"https:\/\/ayto.mutxamel.org\/ca\/wp-json\/wp\/v2\/pages\/33113\/revisions\/38950"}],"wp:attachment":[{"href":"https:\/\/ayto.mutxamel.org\/ca\/wp-json\/wp\/v2\/media?parent=33113"}],"curies":[{"name":"wp","href":"https:\/\/api.w.org\/{rel}","templated":true}]}}